{"id":128,"date":"2023-08-01T15:14:37","date_gmt":"2023-08-01T13:14:37","guid":{"rendered":"https:\/\/iluzionist.com\/?page_id=128"},"modified":"2023-08-01T17:27:22","modified_gmt":"2023-08-01T15:27:22","slug":"iz-medija","status":"publish","type":"page","link":"https:\/\/iluzionist.com\/index.php\/iz-medija\/","title":{"rendered":"Iz medija"},"content":{"rendered":"<p>[et_pb_section fb_built=&#8221;1&#8243; fullwidth=&#8221;on&#8221; _builder_version=&#8221;4.21.0&#8243; _module_preset=&#8221;default&#8221; global_colors_info=&#8221;{}&#8221;][et_pb_fullwidth_image src=&#8221;https:\/\/iluzionist.com\/wp-content\/uploads\/2023\/08\/splash.webp&#8221; alt=&#8221;Zagreb Magic Event 2014&#8243; title_text=&#8221;Zagreb Magic Event 2014&#8243; _builder_version=&#8221;4.21.0&#8243; _module_preset=&#8221;default&#8221; module_alignment=&#8221;center&#8221; global_colors_info=&#8221;{}&#8221;][\/et_pb_fullwidth_image][\/et_pb_section][et_pb_section fb_built=&#8221;1&#8243; _builder_version=&#8221;4.21.0&#8243; _module_preset=&#8221;default&#8221; use_background_color_gradient=&#8221;on&#8221; background_color_gradient_type=&#8221;elliptical&#8221; background_color_gradient_stops=&#8221;#000000 0%|#e02b20 100%&#8221; global_colors_info=&#8221;{}&#8221;][et_pb_row column_structure=&#8221;1_3,1_3,1_3&#8243; _builder_version=&#8221;4.21.0&#8243; _module_preset=&#8221;default&#8221; global_colors_info=&#8221;{}&#8221;][et_pb_column type=&#8221;1_3&#8243; _builder_version=&#8221;4.21.0&#8243; _module_preset=&#8221;default&#8221; global_colors_info=&#8221;{}&#8221;][et_pb_audio audio=&#8221;https:\/\/vladimir.com.hr\/radio\/vmz2014\/HRT_2_04.02.2014.mp3&#8243; title=&#8221;Hrvatski radio 2. program. 4.2.2014&#8243; _builder_version=&#8221;4.21.0&#8243; _module_preset=&#8221;default&#8221; title_text_align=&#8221;center&#8221; title_text_color=&#8221;#FFFFFF&#8221; background_enable_color=&#8221;off&#8221; use_background_color_gradient=&#8221;on&#8221; background_color_gradient_type=&#8221;elliptical&#8221; background_color_gradient_stops=&#8221;#e09900 0%|#000000 100%&#8221; border_radii=&#8221;on|25px|25px|25px|25px&#8221; global_colors_info=&#8221;{}&#8221;][\/et_pb_audio][\/et_pb_column][et_pb_column type=&#8221;1_3&#8243; _builder_version=&#8221;4.21.0&#8243; _module_preset=&#8221;default&#8221; global_colors_info=&#8221;{}&#8221;][et_pb_audio audio=&#8221;https:\/\/vladimir.com.hr\/radio\/vmz2014\/Radio_Zapresic.mp3&#8243; title=&#8221;Radio Zapre\u0161i\u0107&#8221; admin_label=&#8221;Audio&#8221; _builder_version=&#8221;4.21.0&#8243; _module_preset=&#8221;default&#8221; title_text_align=&#8221;center&#8221; title_text_color=&#8221;#FFFFFF&#8221; background_enable_color=&#8221;off&#8221; use_background_color_gradient=&#8221;on&#8221; background_color_gradient_type=&#8221;elliptical&#8221; background_color_gradient_stops=&#8221;#e09900 0%|#000000 100%&#8221; border_radii=&#8221;on|25px|25px|25px|25px&#8221; global_colors_info=&#8221;{}&#8221;][\/et_pb_audio][\/et_pb_column][et_pb_column type=&#8221;1_3&#8243; _builder_version=&#8221;4.21.0&#8243; _module_preset=&#8221;default&#8221; global_colors_info=&#8221;{}&#8221;][et_pb_audio audio=&#8221;https:\/\/vladimir.com.hr\/radio\/vmz2014\/5.3.2014%20emisija%20HRT2.mp3&#8243; title=&#8221;Hrvatski radio 2. program. 5.3.2014&#8243; _builder_version=&#8221;4.21.0&#8243; _module_preset=&#8221;default&#8221; title_text_align=&#8221;center&#8221; title_text_color=&#8221;#FFFFFF&#8221; background_enable_color=&#8221;off&#8221; use_background_color_gradient=&#8221;on&#8221; background_color_gradient_type=&#8221;elliptical&#8221; background_color_gradient_stops=&#8221;#e09900 0%|#000000 100%&#8221; border_radii=&#8221;on|25px|25px|25px|25px&#8221; global_colors_info=&#8221;{}&#8221;][\/et_pb_audio][\/et_pb_column][\/et_pb_row][et_pb_row _builder_version=&#8221;4.21.0&#8243; _module_preset=&#8221;default&#8221; global_colors_info=&#8221;{}&#8221;][et_pb_column type=&#8221;4_4&#8243; _builder_version=&#8221;4.21.0&#8243; _module_preset=&#8221;default&#8221; global_colors_info=&#8221;{}&#8221;][et_pb_button button_url=&#8221;https:\/\/www.vecernji.hr\/zagreb\/michael-vincent-i-madionicari-odusevili-zagrepcane-926234&#8243; url_new_window=&#8221;on&#8221; button_text=&#8221;Ve\u010dernji list&#8221; _builder_version=&#8221;4.21.0&#8243; _module_preset=&#8221;default&#8221; hover_enabled=&#8221;0&#8243; global_colors_info=&#8221;{}&#8221; button_alignment=&#8221;center&#8221; custom_button=&#8221;on&#8221; button_text_size=&#8221;27px&#8221; button_text_color=&#8221;#FFFFFF&#8221; button_bg_use_color_gradient=&#8221;on&#8221; button_bg_color_gradient_stops=&#8221;#e02b20 0%|#edf000 99%&#8221; sticky_enabled=&#8221;0&#8243; box_shadow_style=&#8221;preset1&#8243; box_shadow_spread=&#8221;10px&#8221; button_icon=&#8221;&#x69;||divi||400&#8243; button_on_hover=&#8221;off&#8221;][\/et_pb_button][\/et_pb_column][\/et_pb_row][et_pb_row _builder_version=&#8221;4.21.0&#8243; _module_preset=&#8221;default&#8221; global_colors_info=&#8221;{}&#8221;][et_pb_column type=&#8221;4_4&#8243; _builder_version=&#8221;4.21.0&#8243; _module_preset=&#8221;default&#8221; global_colors_info=&#8221;{}&#8221;][et_pb_video src=&#8221;https:\/\/youtu.be\/ZHU_flJ9f3s&#8221; _builder_version=&#8221;4.21.0&#8243; _module_preset=&#8221;default&#8221; box_shadow_style=&#8221;preset1&#8243; box_shadow_spread=&#8221;10px&#8221; box_shadow_color=&#8221;#FFFFFF&#8221; global_colors_info=&#8221;{}&#8221;][\/et_pb_video][\/et_pb_column][\/et_pb_row][\/et_pb_section]<\/p>\n","protected":false},"excerpt":{"rendered":"","protected":false},"author":1,"featured_media":9,"parent":0,"menu_order":0,"comment_status":"closed","ping_status":"closed","template":"","meta":{"_et_pb_use_builder":"on","_et_pb_old_content":"","_et_gb_content_width":"","footnotes":""},"class_list":["post-128","page","type-page","status-publish","has-post-thumbnail","hentry"],"yoast_head":"<!-- This site is optimized with the Yoast SEO Premium plugin v20.12 (Yoast SEO v20.12) - https:\/\/yoast.com\/wordpress\/plugins\/seo\/ -->\n<title>Iz medija - Zagreb Magic Event<\/title>\n<meta name=\"description\" content=\"Iz medija doga\u0111aj su popratili Ve\u010dernji list, Radio Zapre\u0161i\u0107 i Drugi program hrvatskog radija. Zahvaljujemo se\" \/>\n<meta name=\"robots\" content=\"index, follow, max-snippet:-1, max-image-preview:large, max-video-preview:-1\" \/>\n<link rel=\"canonical\" href=\"https:\/\/iluzionist.com\/index.php\/iz-medija\/\" \/>\n<meta property=\"og:locale\" content=\"hr_HR\" \/>\n<meta property=\"og:type\" content=\"article\" \/>\n<meta property=\"og:title\" content=\"Iz medija\" \/>\n<meta property=\"og:description\" content=\"Iz medija doga\u0111aj su popratili Ve\u010dernji list, Radio Zapre\u0161i\u0107 i Drugi program hrvatskog radija. Zahvaljujemo se\" \/>\n<meta property=\"og:url\" content=\"https:\/\/iluzionist.com\/index.php\/iz-medija\/\" \/>\n<meta property=\"og:site_name\" content=\"Zagreb Magic Event\" \/>\n<meta property=\"article:modified_time\" content=\"2023-08-01T15:27:22+00:00\" \/>\n<meta property=\"og:image\" content=\"https:\/\/iluzionist.com\/wp-content\/uploads\/2023\/08\/Logo.webp\" \/>\n\t<meta property=\"og:image:width\" content=\"1024\" \/>\n\t<meta property=\"og:image:height\" content=\"1024\" \/>\n\t<meta property=\"og:image:type\" content=\"image\/webp\" \/>\n<script type=\"application\/ld+json\" class=\"yoast-schema-graph\">{\"@context\":\"https:\/\/schema.org\",\"@graph\":[{\"@type\":\"WebPage\",\"@id\":\"https:\/\/iluzionist.com\/index.php\/iz-medija\/\",\"url\":\"https:\/\/iluzionist.com\/index.php\/iz-medija\/\",\"name\":\"Iz medija - Zagreb Magic Event\",\"isPartOf\":{\"@id\":\"https:\/\/iluzionist.com\/#website\"},\"datePublished\":\"2023-08-01T13:14:37+00:00\",\"dateModified\":\"2023-08-01T15:27:22+00:00\",\"description\":\"Iz medija doga\u0111aj su popratili Ve\u010dernji list, Radio Zapre\u0161i\u0107 i Drugi program hrvatskog radija. Zahvaljujemo se\",\"breadcrumb\":{\"@id\":\"https:\/\/iluzionist.com\/index.php\/iz-medija\/#breadcrumb\"},\"inLanguage\":\"hr\",\"potentialAction\":[{\"@type\":\"ReadAction\",\"target\":[\"https:\/\/iluzionist.com\/index.php\/iz-medija\/\"]}]},{\"@type\":\"BreadcrumbList\",\"@id\":\"https:\/\/iluzionist.com\/index.php\/iz-medija\/#breadcrumb\",\"itemListElement\":[{\"@type\":\"ListItem\",\"position\":1,\"name\":\"Home\",\"item\":\"https:\/\/iluzionist.com\/\"},{\"@type\":\"ListItem\",\"position\":2,\"name\":\"Iz medija\"}]},{\"@type\":\"WebSite\",\"@id\":\"https:\/\/iluzionist.com\/#website\",\"url\":\"https:\/\/iluzionist.com\/\",\"name\":\"Zagreb Magic Event\",\"description\":\"Magic Weekend in Zagreb 2014\",\"publisher\":{\"@id\":\"https:\/\/iluzionist.com\/#\/schema\/person\/fd9304aa85bdf1a9f30c9b3f56579795\"},\"potentialAction\":[{\"@type\":\"SearchAction\",\"target\":{\"@type\":\"EntryPoint\",\"urlTemplate\":\"https:\/\/iluzionist.com\/?s={search_term_string}\"},\"query-input\":\"required name=search_term_string\"}],\"inLanguage\":\"hr\"},{\"@type\":[\"Person\",\"Organization\"],\"@id\":\"https:\/\/iluzionist.com\/#\/schema\/person\/fd9304aa85bdf1a9f30c9b3f56579795\",\"name\":\"ZagrebMagicEvent2014\",\"image\":{\"@type\":\"ImageObject\",\"inLanguage\":\"hr\",\"@id\":\"https:\/\/iluzionist.com\/#\/schema\/person\/image\/\",\"url\":\"https:\/\/iluzionist.com\/wp-content\/uploads\/2023\/08\/Logo.webp\",\"contentUrl\":\"https:\/\/iluzionist.com\/wp-content\/uploads\/2023\/08\/Logo.webp\",\"width\":1024,\"height\":1024,\"caption\":\"ZagrebMagicEvent2014\"},\"logo\":{\"@id\":\"https:\/\/iluzionist.com\/#\/schema\/person\/image\/\"},\"sameAs\":[\"https:\/\/iluzionist.com\"]}]}<\/script>\n<!-- \/ Yoast SEO Premium plugin. -->","yoast_head_json":{"title":"Iz medija - Zagreb Magic Event","description":"Iz medija doga\u0111aj su popratili Ve\u010dernji list, Radio Zapre\u0161i\u0107 i Drugi program hrvatskog radija. Zahvaljujemo se","robots":{"index":"index","follow":"follow","max-snippet":"max-snippet:-1","max-image-preview":"max-image-preview:large","max-video-preview":"max-video-preview:-1"},"canonical":"https:\/\/iluzionist.com\/index.php\/iz-medija\/","og_locale":"hr_HR","og_type":"article","og_title":"Iz medija","og_description":"Iz medija doga\u0111aj su popratili Ve\u010dernji list, Radio Zapre\u0161i\u0107 i Drugi program hrvatskog radija. Zahvaljujemo se","og_url":"https:\/\/iluzionist.com\/index.php\/iz-medija\/","og_site_name":"Zagreb Magic Event","article_modified_time":"2023-08-01T15:27:22+00:00","og_image":[{"width":1024,"height":1024,"url":"https:\/\/iluzionist.com\/wp-content\/uploads\/2023\/08\/Logo.webp","type":"image\/webp"}],"schema":{"@context":"https:\/\/schema.org","@graph":[{"@type":"WebPage","@id":"https:\/\/iluzionist.com\/index.php\/iz-medija\/","url":"https:\/\/iluzionist.com\/index.php\/iz-medija\/","name":"Iz medija - Zagreb Magic Event","isPartOf":{"@id":"https:\/\/iluzionist.com\/#website"},"datePublished":"2023-08-01T13:14:37+00:00","dateModified":"2023-08-01T15:27:22+00:00","description":"Iz medija doga\u0111aj su popratili Ve\u010dernji list, Radio Zapre\u0161i\u0107 i Drugi program hrvatskog radija. Zahvaljujemo se","breadcrumb":{"@id":"https:\/\/iluzionist.com\/index.php\/iz-medija\/#breadcrumb"},"inLanguage":"hr","potentialAction":[{"@type":"ReadAction","target":["https:\/\/iluzionist.com\/index.php\/iz-medija\/"]}]},{"@type":"BreadcrumbList","@id":"https:\/\/iluzionist.com\/index.php\/iz-medija\/#breadcrumb","itemListElement":[{"@type":"ListItem","position":1,"name":"Home","item":"https:\/\/iluzionist.com\/"},{"@type":"ListItem","position":2,"name":"Iz medija"}]},{"@type":"WebSite","@id":"https:\/\/iluzionist.com\/#website","url":"https:\/\/iluzionist.com\/","name":"Zagreb Magic Event","description":"Magic Weekend in Zagreb 2014","publisher":{"@id":"https:\/\/iluzionist.com\/#\/schema\/person\/fd9304aa85bdf1a9f30c9b3f56579795"},"potentialAction":[{"@type":"SearchAction","target":{"@type":"EntryPoint","urlTemplate":"https:\/\/iluzionist.com\/?s={search_term_string}"},"query-input":"required name=search_term_string"}],"inLanguage":"hr"},{"@type":["Person","Organization"],"@id":"https:\/\/iluzionist.com\/#\/schema\/person\/fd9304aa85bdf1a9f30c9b3f56579795","name":"ZagrebMagicEvent2014","image":{"@type":"ImageObject","inLanguage":"hr","@id":"https:\/\/iluzionist.com\/#\/schema\/person\/image\/","url":"https:\/\/iluzionist.com\/wp-content\/uploads\/2023\/08\/Logo.webp","contentUrl":"https:\/\/iluzionist.com\/wp-content\/uploads\/2023\/08\/Logo.webp","width":1024,"height":1024,"caption":"ZagrebMagicEvent2014"},"logo":{"@id":"https:\/\/iluzionist.com\/#\/schema\/person\/image\/"},"sameAs":["https:\/\/iluzionist.com"]}]}},"_links":{"self":[{"href":"https:\/\/iluzionist.com\/index.php\/wp-json\/wp\/v2\/pages\/128","targetHints":{"allow":["GET"]}}],"collection":[{"href":"https:\/\/iluzionist.com\/index.php\/wp-json\/wp\/v2\/pages"}],"about":[{"href":"https:\/\/iluzionist.com\/index.php\/wp-json\/wp\/v2\/types\/page"}],"author":[{"embeddable":true,"href":"https:\/\/iluzionist.com\/index.php\/wp-json\/wp\/v2\/users\/1"}],"replies":[{"embeddable":true,"href":"https:\/\/iluzionist.com\/index.php\/wp-json\/wp\/v2\/comments?post=128"}],"version-history":[{"count":9,"href":"https:\/\/iluzionist.com\/index.php\/wp-json\/wp\/v2\/pages\/128\/revisions"}],"predecessor-version":[{"id":160,"href":"https:\/\/iluzionist.com\/index.php\/wp-json\/wp\/v2\/pages\/128\/revisions\/160"}],"wp:featuredmedia":[{"embeddable":true,"href":"https:\/\/iluzionist.com\/index.php\/wp-json\/wp\/v2\/media\/9"}],"wp:attachment":[{"href":"https:\/\/iluzionist.com\/index.php\/wp-json\/wp\/v2\/media?parent=128"}],"curies":[{"name":"wp","href":"https:\/\/api.w.org\/{rel}","templated":true}]}}