{"id":60,"date":"2023-08-01T11:27:00","date_gmt":"2023-08-01T09:27:00","guid":{"rendered":"https:\/\/iluzionist.com\/?page_id=60"},"modified":"2023-12-15T08:46:21","modified_gmt":"2023-12-15T07:46:21","slug":"galerija-slika","status":"publish","type":"page","link":"https:\/\/iluzionist.com\/index.php\/galerija-slika\/","title":{"rendered":"Galerija Slika"},"content":{"rendered":"<p>[et_pb_section fb_built=&#8221;1&#8243; _builder_version=&#8221;4.21.0&#8243; _module_preset=&#8221;default&#8221; use_background_color_gradient=&#8221;on&#8221; background_color_gradient_type=&#8221;elliptical&#8221; background_color_gradient_stops=&#8221;#000000 0%|#e02b20 100%&#8221; global_colors_info=&#8221;{}&#8221;][et_pb_row _builder_version=&#8221;4.23.1&#8243; _module_preset=&#8221;default&#8221; hover_enabled=&#8221;0&#8243; global_colors_info=&#8221;{}&#8221; width=&#8221;97%&#8221; module_alignment=&#8221;center&#8221; sticky_enabled=&#8221;0&#8243;][et_pb_column type=&#8221;4_4&#8243; _builder_version=&#8221;4.21.0&#8243; _module_preset=&#8221;default&#8221; global_colors_info=&#8221;{}&#8221;][et_pb_gallery gallery_ids=&#8221;63,64,65,66,67,68,71,72,73,74,75,197&#8243; posts_number=&#8221;500&#8243; show_title_and_caption=&#8221;off&#8221; show_pagination=&#8221;off&#8221; hover_icon=&#8221;&#xe005;||divi||400&#8243; _builder_version=&#8221;4.23.1&#8243; _module_preset=&#8221;default&#8221; hover_enabled=&#8221;0&#8243; border_radii_image=&#8221;on|25px|25px|25px|25px&#8221; box_shadow_style_image=&#8221;preset1&#8243; box_shadow_spread_image=&#8221;9px&#8221; box_shadow_color_image=&#8221;#FFFFFF&#8221; global_colors_info=&#8221;{}&#8221; sticky_enabled=&#8221;0&#8243;][\/et_pb_gallery][\/et_pb_column][\/et_pb_row][\/et_pb_section]<\/p>\n","protected":false},"excerpt":{"rendered":"","protected":false},"author":1,"featured_media":34,"parent":0,"menu_order":0,"comment_status":"closed","ping_status":"closed","template":"","meta":{"_et_pb_use_builder":"on","_et_pb_old_content":"","_et_gb_content_width":"","footnotes":""},"class_list":["post-60","page","type-page","status-publish","has-post-thumbnail","hentry"],"yoast_head":"<!-- This site is optimized with the Yoast SEO Premium plugin v20.12 (Yoast SEO v20.12) - https:\/\/yoast.com\/wordpress\/plugins\/seo\/ -->\n<title>Galerija Slika - Zagreb Magic Event<\/title>\n<meta name=\"description\" content=\"Galerija Slika sa doga\u0111anja Zagreb magic Event 2014. god odr\u017eanog u Zagrebu. Zahvaljujem se svim posjetiteljima i gostima koji su do\u0161li\" \/>\n<meta name=\"robots\" content=\"index, follow, max-snippet:-1, max-image-preview:large, max-video-preview:-1\" \/>\n<link rel=\"canonical\" href=\"https:\/\/iluzionist.com\/index.php\/galerija-slika\/\" \/>\n<meta property=\"og:locale\" content=\"hr_HR\" \/>\n<meta property=\"og:type\" content=\"article\" \/>\n<meta property=\"og:title\" content=\"Galerija Slika\" \/>\n<meta property=\"og:description\" content=\"Galerija Slika sa doga\u0111anja Zagreb magic Event 2014. god odr\u017eanog u Zagrebu. Zahvaljujem se svim posjetiteljima i gostima koji su do\u0161li\" \/>\n<meta property=\"og:url\" content=\"https:\/\/iluzionist.com\/index.php\/galerija-slika\/\" \/>\n<meta property=\"og:site_name\" content=\"Zagreb Magic Event\" \/>\n<meta property=\"article:modified_time\" content=\"2023-12-15T07:46:21+00:00\" \/>\n<meta property=\"og:image\" content=\"https:\/\/iluzionist.com\/wp-content\/uploads\/2023\/08\/splash.webp\" \/>\n\t<meta property=\"og:image:width\" content=\"1029\" \/>\n\t<meta property=\"og:image:height\" content=\"683\" \/>\n\t<meta property=\"og:image:type\" content=\"image\/webp\" \/>\n<script type=\"application\/ld+json\" class=\"yoast-schema-graph\">{\"@context\":\"https:\/\/schema.org\",\"@graph\":[{\"@type\":\"WebPage\",\"@id\":\"https:\/\/iluzionist.com\/index.php\/galerija-slika\/\",\"url\":\"https:\/\/iluzionist.com\/index.php\/galerija-slika\/\",\"name\":\"Galerija Slika - Zagreb Magic Event\",\"isPartOf\":{\"@id\":\"https:\/\/iluzionist.com\/#website\"},\"datePublished\":\"2023-08-01T09:27:00+00:00\",\"dateModified\":\"2023-12-15T07:46:21+00:00\",\"description\":\"Galerija Slika sa doga\u0111anja Zagreb magic Event 2014. god odr\u017eanog u Zagrebu. Zahvaljujem se svim posjetiteljima i gostima koji su do\u0161li\",\"breadcrumb\":{\"@id\":\"https:\/\/iluzionist.com\/index.php\/galerija-slika\/#breadcrumb\"},\"inLanguage\":\"hr\",\"potentialAction\":[{\"@type\":\"ReadAction\",\"target\":[\"https:\/\/iluzionist.com\/index.php\/galerija-slika\/\"]}]},{\"@type\":\"BreadcrumbList\",\"@id\":\"https:\/\/iluzionist.com\/index.php\/galerija-slika\/#breadcrumb\",\"itemListElement\":[{\"@type\":\"ListItem\",\"position\":1,\"name\":\"Home\",\"item\":\"https:\/\/iluzionist.com\/\"},{\"@type\":\"ListItem\",\"position\":2,\"name\":\"Galerija Slika\"}]},{\"@type\":\"WebSite\",\"@id\":\"https:\/\/iluzionist.com\/#website\",\"url\":\"https:\/\/iluzionist.com\/\",\"name\":\"Zagreb Magic Event\",\"description\":\"Magic Weekend in Zagreb 2014\",\"publisher\":{\"@id\":\"https:\/\/iluzionist.com\/#\/schema\/person\/fd9304aa85bdf1a9f30c9b3f56579795\"},\"potentialAction\":[{\"@type\":\"SearchAction\",\"target\":{\"@type\":\"EntryPoint\",\"urlTemplate\":\"https:\/\/iluzionist.com\/?s={search_term_string}\"},\"query-input\":\"required name=search_term_string\"}],\"inLanguage\":\"hr\"},{\"@type\":[\"Person\",\"Organization\"],\"@id\":\"https:\/\/iluzionist.com\/#\/schema\/person\/fd9304aa85bdf1a9f30c9b3f56579795\",\"name\":\"ZagrebMagicEvent2014\",\"image\":{\"@type\":\"ImageObject\",\"inLanguage\":\"hr\",\"@id\":\"https:\/\/iluzionist.com\/#\/schema\/person\/image\/\",\"url\":\"https:\/\/iluzionist.com\/wp-content\/uploads\/2023\/08\/Logo.webp\",\"contentUrl\":\"https:\/\/iluzionist.com\/wp-content\/uploads\/2023\/08\/Logo.webp\",\"width\":1024,\"height\":1024,\"caption\":\"ZagrebMagicEvent2014\"},\"logo\":{\"@id\":\"https:\/\/iluzionist.com\/#\/schema\/person\/image\/\"},\"sameAs\":[\"https:\/\/iluzionist.com\"]}]}<\/script>\n<!-- \/ Yoast SEO Premium plugin. -->","yoast_head_json":{"title":"Galerija Slika - Zagreb Magic Event","description":"Galerija Slika sa doga\u0111anja Zagreb magic Event 2014. god odr\u017eanog u Zagrebu. Zahvaljujem se svim posjetiteljima i gostima koji su do\u0161li","robots":{"index":"index","follow":"follow","max-snippet":"max-snippet:-1","max-image-preview":"max-image-preview:large","max-video-preview":"max-video-preview:-1"},"canonical":"https:\/\/iluzionist.com\/index.php\/galerija-slika\/","og_locale":"hr_HR","og_type":"article","og_title":"Galerija Slika","og_description":"Galerija Slika sa doga\u0111anja Zagreb magic Event 2014. god odr\u017eanog u Zagrebu. Zahvaljujem se svim posjetiteljima i gostima koji su do\u0161li","og_url":"https:\/\/iluzionist.com\/index.php\/galerija-slika\/","og_site_name":"Zagreb Magic Event","article_modified_time":"2023-12-15T07:46:21+00:00","og_image":[{"width":1029,"height":683,"url":"https:\/\/iluzionist.com\/wp-content\/uploads\/2023\/08\/splash.webp","type":"image\/webp"}],"schema":{"@context":"https:\/\/schema.org","@graph":[{"@type":"WebPage","@id":"https:\/\/iluzionist.com\/index.php\/galerija-slika\/","url":"https:\/\/iluzionist.com\/index.php\/galerija-slika\/","name":"Galerija Slika - Zagreb Magic Event","isPartOf":{"@id":"https:\/\/iluzionist.com\/#website"},"datePublished":"2023-08-01T09:27:00+00:00","dateModified":"2023-12-15T07:46:21+00:00","description":"Galerija Slika sa doga\u0111anja Zagreb magic Event 2014. god odr\u017eanog u Zagrebu. Zahvaljujem se svim posjetiteljima i gostima koji su do\u0161li","breadcrumb":{"@id":"https:\/\/iluzionist.com\/index.php\/galerija-slika\/#breadcrumb"},"inLanguage":"hr","potentialAction":[{"@type":"ReadAction","target":["https:\/\/iluzionist.com\/index.php\/galerija-slika\/"]}]},{"@type":"BreadcrumbList","@id":"https:\/\/iluzionist.com\/index.php\/galerija-slika\/#breadcrumb","itemListElement":[{"@type":"ListItem","position":1,"name":"Home","item":"https:\/\/iluzionist.com\/"},{"@type":"ListItem","position":2,"name":"Galerija Slika"}]},{"@type":"WebSite","@id":"https:\/\/iluzionist.com\/#website","url":"https:\/\/iluzionist.com\/","name":"Zagreb Magic Event","description":"Magic Weekend in Zagreb 2014","publisher":{"@id":"https:\/\/iluzionist.com\/#\/schema\/person\/fd9304aa85bdf1a9f30c9b3f56579795"},"potentialAction":[{"@type":"SearchAction","target":{"@type":"EntryPoint","urlTemplate":"https:\/\/iluzionist.com\/?s={search_term_string}"},"query-input":"required name=search_term_string"}],"inLanguage":"hr"},{"@type":["Person","Organization"],"@id":"https:\/\/iluzionist.com\/#\/schema\/person\/fd9304aa85bdf1a9f30c9b3f56579795","name":"ZagrebMagicEvent2014","image":{"@type":"ImageObject","inLanguage":"hr","@id":"https:\/\/iluzionist.com\/#\/schema\/person\/image\/","url":"https:\/\/iluzionist.com\/wp-content\/uploads\/2023\/08\/Logo.webp","contentUrl":"https:\/\/iluzionist.com\/wp-content\/uploads\/2023\/08\/Logo.webp","width":1024,"height":1024,"caption":"ZagrebMagicEvent2014"},"logo":{"@id":"https:\/\/iluzionist.com\/#\/schema\/person\/image\/"},"sameAs":["https:\/\/iluzionist.com"]}]}},"_links":{"self":[{"href":"https:\/\/iluzionist.com\/index.php\/wp-json\/wp\/v2\/pages\/60","targetHints":{"allow":["GET"]}}],"collection":[{"href":"https:\/\/iluzionist.com\/index.php\/wp-json\/wp\/v2\/pages"}],"about":[{"href":"https:\/\/iluzionist.com\/index.php\/wp-json\/wp\/v2\/types\/page"}],"author":[{"embeddable":true,"href":"https:\/\/iluzionist.com\/index.php\/wp-json\/wp\/v2\/users\/1"}],"replies":[{"embeddable":true,"href":"https:\/\/iluzionist.com\/index.php\/wp-json\/wp\/v2\/comments?post=60"}],"version-history":[{"count":4,"href":"https:\/\/iluzionist.com\/index.php\/wp-json\/wp\/v2\/pages\/60\/revisions"}],"predecessor-version":[{"id":198,"href":"https:\/\/iluzionist.com\/index.php\/wp-json\/wp\/v2\/pages\/60\/revisions\/198"}],"wp:featuredmedia":[{"embeddable":true,"href":"https:\/\/iluzionist.com\/index.php\/wp-json\/wp\/v2\/media\/34"}],"wp:attachment":[{"href":"https:\/\/iluzionist.com\/index.php\/wp-json\/wp\/v2\/media?parent=60"}],"curies":[{"name":"wp","href":"https:\/\/api.w.org\/{rel}","templated":true}]}}